{"id":57,"date":"2024-11-04T11:34:36","date_gmt":"2024-11-04T11:34:36","guid":{"rendered":"https:\/\/pimpamparking.com\/?page_id=57"},"modified":"2024-11-04T11:34:39","modified_gmt":"2024-11-04T11:34:39","slug":"condiciones","status":"publish","type":"page","link":"https:\/\/pimpamparking.com\/index.php\/condiciones\/","title":{"rendered":"condiciones"},"content":{"rendered":"<p>[et_pb_section fb_built=&#8221;1&#8243; theme_builder_area=&#8221;post_content&#8221; _builder_version=&#8221;4.27.2&#8243; _module_preset=&#8221;default&#8221;][et_pb_row _builder_version=&#8221;4.27.2&#8243; _module_preset=&#8221;default&#8221; theme_builder_area=&#8221;post_content&#8221;][et_pb_column _builder_version=&#8221;4.27.2&#8243; _module_preset=&#8221;default&#8221; type=&#8221;4_4&#8243; theme_builder_area=&#8221;post_content&#8221;][et_pb_text _builder_version=&#8221;4.27.2&#8243; _module_preset=&#8221;default&#8221; theme_builder_area=&#8221;post_content&#8221; hover_enabled=&#8221;0&#8243; sticky_enabled=&#8221;0&#8243;]<\/p>\n<h1>Aviso Legal<\/h1>\n<h2>1.- Informaci\u00f3n general<\/h2>\n<p>El presente Aviso Legal contiene la informaci\u00f3n general y las condiciones de uso de este sitio web, de acuerdo con la Ley 34\/2002 de Servicios de la Sociedad de la Informaci\u00f3n y de Comercio Electr\u00f3nico y dem\u00e1s normativa aplicable:<\/p>\n<ul>\n<li>Titular: Pimpamparking, S.L.<\/li>\n<li>Direcci\u00f3n: C\/Muntaner, 354, 3\u00ba-1\u00aa, Barcelona 08021<\/li>\n<li>C.I.F: B10849362<\/li>\n<li>Datos registrales: Tomo 48372, Folio 100, Hoja 581773, Inscripci\u00f3n 1\u00aa, en el Registro Mercantil de Barcelona<\/li>\n<li>Contacto email: <a href=\"mailto:admin@pimpamparking.com\">admin@pimpamparking.com<\/a><\/li>\n<\/ul>\n<p>El acceso a este sitio web (en adelante \u201cSitio Web\u201d) supone la aceptaci\u00f3n por parte del usuario (\u201cUsuario\/s\u201d) de las presentes Condiciones de Uso. PIMPAMPARKING se reserva el derecho a introducir, modificar o borrar en cualquier momento y sin previo aviso a los Usuarios, registrados o no, la informaci\u00f3n publicada en el Sitio Web.<\/p>\n<h2>2.- Propiedad industrial e intelectual<\/h2>\n<p>Todos los contenidos del Sitio Web, incluyendo a t\u00edtulo enunciativo y no limitativo, la marca PIMPAMPARKING, otras marcas o signos distintivos, los textos, fotograf\u00edas, iconos, tecnolog\u00eda y dem\u00e1s contenidos, as\u00ed como el concepto y dise\u00f1o gr\u00e1fico y c\u00f3digos fuente (en adelante, \u201cContenido\/s\u201d) publicados en el Sitio Web son propiedad de PIMPAMPARKING o de terceros que han licenciado Contenidos a PIMPAMPARKING. El acceso y uso de este Sitio Web no supone ninguna cesi\u00f3n o licencia a los Usuarios de ning\u00fan derecho de explotaci\u00f3n comercial de los Contenidos.<\/p>\n<p>Est\u00e1 prohibida la utilizaci\u00f3n de cualquier marca denominativa, gr\u00e1fica o mixta o cualquier otro signo distintivo de PIMPAMPARKING por parte de cualquier tercero, salvo con una finalidad meramente informativa o en los casos expresamente autorizados por PIMPAMPARKING.<\/p>\n<p>PIMPAMPARKING pone el mayor esfuerzo en evitar que cualquier Contenido publicado en el Sito Web infrinja derechos de propiedad industrial o intelectual de terceros. Si aun as\u00ed alg\u00fan Usuario o un tercero considera que alg\u00fan Contenido infringe alg\u00fan derecho leg\u00edtimo, deber\u00e1 notificarlo a PIMPAMPARKING con la informaci\u00f3n justificativa que considere oportuna a fin de poder valorar y resolver la reclamaci\u00f3n.<\/p>\n<h2>3.- Condiciones de Uso del Sitio Web<\/h2>\n<h3>3.1 General<\/h3>\n<p>El Usuario acepta utilizar este Sitio Web de conformidad con la Ley, la informaci\u00f3n general antes indicada y las presentes Condiciones de Uso.<\/p>\n<p>Salvo lo previsto por la Ley o autorizaci\u00f3n expresa de PIMPAMPARKING, los Usuarios se abstendr\u00e1n de reproducir, copiar, distribuir, comunicar p\u00fablicamente con fines comerciales los Contenidos, as\u00ed como modificarlos.<\/p>\n<p>El uso del Sitio Web con el fin de perjudicar bienes o intereses de PIMPAMPARKING o de terceros, o que tengan el efecto de introducir o distribuir virus o software nocivo, sobrecargar, da\u00f1ar o inutilizar las redes, servidores y dem\u00e1s equipos o aplicaciones inform\u00e1ticas (software) de PIMPAMPARKING o de terceros es una conducta prohibida que ser\u00e1 perseguida con arreglo a la ley.<\/p>\n<h3>3.2 Reservas y contrataci\u00f3n de servicios<\/h3>\n<p>Los servicios de PIMPAMPARKING a trav\u00e9s de nuestro Sito Web permiten gestionar las reservas de nuestras plazas de parking, ya sea para necesidades de corta que de larga estancia. Con la finalidad de facilitar la gesti\u00f3n de las reservas contratadas con PIMPAMPARKING, \u00e9stas estar\u00e1n disponibles accediendo al \u00e1rea privada del Usuario del Sitio Web.<\/p>\n<p>Es posible realizar reservas sin registrarse. No obstante, ser\u00e1 imprescindible que se faciliten en todo caso: nombre y apellidos del conductor del veh\u00edculo, matr\u00edcula del veh\u00edculo y tel\u00e9fono. Todas las reservas realizadas a trav\u00e9s de cualquier medio establecido por PIMPAMPARKING son de car\u00e1cter gratuito.<\/p>\n<p>En caso de que sea necesario el registro, los datos facilitados deber\u00e1n ser exactos, actuales y veraces. El Usuario ser\u00e1 responsable de la custodia de su contrase\u00f1a de acceso y de cualesquiera da\u00f1os y perjuicios que pudieran derivarse para el mismo de su uso indebido, debilidad, p\u00e9rdida, revelaci\u00f3n de su contrase\u00f1a. A estos efectos, el acceso a \u00e1reas restringidas y\/o el uso de los servicios y Contenidos realizado bajo contrase\u00f1a se considerar\u00e1 realizado por el Usuario registrado, por lo que el mismo ser\u00e1 el \u00fanico responsable de dicho acceso y uso.<\/p>\n<p>La posibilidad de contactar con PIMPAMPARKING a trav\u00e9s de este Sitio Web o de utilizar alg\u00fan servicio o Contenido de este Sitio Web cuyo acceso est\u00e9 condicionado al registro de Usuario y uso de contrase\u00f1a, exigir\u00e1 prestar la conformidad del Usuario al tratamiento de los datos personales que comunique, as\u00ed como a las dem\u00e1s condiciones indicadas en el aviso de Pol\u00edtica de Privacidad de PIMPAMPARKING.<\/p>\n<p>Las reservas realizadas por cualquier medio y aceptadas por PIMPAMPARKING se mantendr\u00e1n hasta 2 horas adicionales a partir de la hora de entrada comunicada por el Usuario en el momento de la reserva. En el caso de que el Usuario por cualquier circunstancia no acceda al parking dentro de los l\u00edmites fijados por PIMPAMPARKING el Usuario perder\u00e1 todo derecho de acceso al servicio sin ning\u00fan tipo de responsabilidad para PIMPAMPARKING. Es posible que, por causas operacionales, sea necesario dejar la llave del veh\u00edculo a PIMPAMPARKING para poder aparcar en nuestras instalaciones.<\/p>\n<p>La tarifa del estacionamiento con reserva de plaza se calcular\u00e1 por periodos de 24 horas y\/o fracci\u00f3n, a contar desde la fecha y hora de acceso al aparcamiento, hasta la salida del veh\u00edculo de \u00e9ste, estableci\u00e9ndose un tiempo de cortes\u00eda de 60 minutos tras el \u00faltimo per\u00edodo de 24 horas. El importe m\u00ednimo de pago ser\u00e1 el correspondiente a la estancia m\u00ednima seg\u00fan las condiciones del aparcamiento y el tiempo de estancia se contabilizar\u00e1 por d\u00edas completos (24 horas) y\/o fracci\u00f3n.<\/p>\n<p>El Usuario podr\u00e1 contratar bonos de larga estancia a las condiciones vigentes en cada momento. Estos bonos tendr\u00e1n una duraci\u00f3n m\u00e1xima de un a\u00f1o desde su adquisici\u00f3n y no estar\u00e1n sujeto a reembolso bajo ninguna circunstancia en caso de que no se consuma total o parcialmente por causa no imputable a PIMPAMPARKING. Asimismo, el Usuario exime a PIMPAMPARKING de toda responsabilidad si accediera sin preaviso al parking y no hubiera plazas disponibles. Por dicho motivo, el Usuario deber\u00e1 dar un preaviso de al menos 48 horas con la finalidad de poder asegurarse una plaza en el parking.<\/p>\n<p>Sin perjuicio de las cantidades que el Usuario deba pagar a PIMPAMPARKING por la utilizaci\u00f3n de los servicios, el Usuario ser\u00e1 responsable de asumir todos los cargos asociados con el uso de su dispositivo, fijo o m\u00f3vil que sea, y su conexi\u00f3n a la red, ya sea a trav\u00e9s de datos o wi-fi.<\/p>\n<p>De forma general PIMPAMPARKING mostrar\u00e1 la informaci\u00f3n relativa a las tarifas del servicio bajo el formato \u201cprecio\/hora\u201d, si bien la facturaci\u00f3n se realizar\u00e1 por minutos o fracciones de hora. A tales efectos, el Usuario autoriza desde ahora y para entonces a PIMPAMPARKING a cargar la tarifa aplicable en funci\u00f3n de la efectiva utilizaci\u00f3n y duraci\u00f3n de los servicios y a procesar la transacci\u00f3n correspondiente de acuerdo con el medio de pago seleccionado por el Usuario.<\/p>\n<p>En ning\u00fan caso, PIMPAMPARKING reembolsar\u00e1 las cantidades efectivamente pagadas por el Usuario por la utilizaci\u00f3n de los servicios contratados.<\/p>\n<p>La falta de pago a PIMPAMPARKING de las tarifas correspondientes a los servicios utilizados tendr\u00e1 como consecuencia, a discreci\u00f3n de PIMPAMPARKING, la suspensi\u00f3n o cancelaci\u00f3n de la cuenta de usuario.<\/p>\n<h3>3.3. Introducci\u00f3n de enlaces al Sitio Web por parte de los Usuarios<\/h3>\n<p>El Usuario que desee enlazar sus propios sitios web al Sitio Web de PIMPAMPARKING deber\u00e1 solicitar autorizaci\u00f3n expresa y escrita para ello, si el sitio web en cuesti\u00f3n tiene una finalidad comercial.<\/p>\n<p>En cualquier caso, queda terminantemente prohibido enlazar este Sitio Web desde p\u00e1ginas que difundan contenidos il\u00edcitos, que infrinjan la regulaci\u00f3n sobre propiedad industrial e intelectual, que difundan contenidos o propaganda de car\u00e1cter racista, xen\u00f3fobo, pornogr\u00e1fico, de apolog\u00eda del terrorismo o que atente contra los derechos humanos.<\/p>\n<p>PIMPAMPARKING se reserva el derecho de exigir a cualquier tercero la eliminaci\u00f3n de enlaces a este Sitio Web que incumplan las referidas restricciones y\/o autorizaciones.<\/p>\n<h2>4.- Exclusi\u00f3n de responsabilidad<\/h2>\n<p>PIMPAMPARKING no garantiza que el presente Sitio Web est\u00e9 siempre accesible ni su plena funcionalidad. Sin embargo, si el Usuario observa alg\u00fan mal funcionamiento, le rogamos nos lo comunique a la direcci\u00f3n de email indicada en la Informaci\u00f3n General.<\/p>\n<p>PIMPAMPARKING no tiene la obligaci\u00f3n de controlar la ausencia de virus, gusanos o cualquier otro elemento inform\u00e1tico da\u00f1ino (malware). Corresponde al<\/p>\n<p>Usuario disponer de herramientas de seguridad inform\u00e1tica oportunas que le permitan la detecci\u00f3n y desinfecci\u00f3n de programas inform\u00e1ticos da\u00f1inos y no se responsabiliza de ning\u00fan da\u00f1o producido en los equipos del Usuario si eventualmente existiera alg\u00fan malaware en el Sitio Web o en alg\u00fan Contenido publicado en el mismo.<\/p>\n<h2>5.- Legislaci\u00f3n aplicable y jurisdicci\u00f3n competente<\/h2>\n<p>El uso del presente Sitio Web est\u00e1 sujeto a la legislaci\u00f3n espa\u00f1ola.<\/p>\n<p>Para la interpretaci\u00f3n o la aplicaci\u00f3n de las Condiciones de Uso del Sitio Web ser\u00e1n competentes los juzgados y tribunales de la ciudad de Barcelona, o los juzgados y tribunales del domicilio del Usuario si el mismo tiene la condici\u00f3n legal de consumidor.<\/p>\n<p>[\/et_pb_text][\/et_pb_column][\/et_pb_row][\/et_pb_section]<\/p>\n","protected":false},"excerpt":{"rendered":"<p>Aviso Legal 1.- Informaci\u00f3n general El presente Aviso Legal contiene la informaci\u00f3n general y las condiciones de uso de este sitio web, de acuerdo con la Ley 34\/2002 de Servicios de la Sociedad de la Informaci\u00f3n y de Comercio Electr\u00f3nico y dem\u00e1s normativa aplicable: Titular: Pimpamparking, S.L. Direcci\u00f3n: C\/Muntaner, 354, 3\u00ba-1\u00aa, Barcelona 08021 C.I.F: B10849362 [&hellip;]<\/p>\n","protected":false},"author":1,"featured_media":0,"parent":0,"menu_order":0,"comment_status":"closed","ping_status":"closed","template":"","meta":{"_et_pb_use_builder":"on","_et_pb_old_content":"","_et_gb_content_width":"","footnotes":""},"class_list":["post-57","page","type-page","status-publish","hentry"],"_links":{"self":[{"href":"https:\/\/pimpamparking.com\/index.php\/wp-json\/wp\/v2\/pages\/57","targetHints":{"allow":["GET"]}}],"collection":[{"href":"https:\/\/pimpamparking.com\/index.php\/wp-json\/wp\/v2\/pages"}],"about":[{"href":"https:\/\/pimpamparking.com\/index.php\/wp-json\/wp\/v2\/types\/page"}],"author":[{"embeddable":true,"href":"https:\/\/pimpamparking.com\/index.php\/wp-json\/wp\/v2\/users\/1"}],"replies":[{"embeddable":true,"href":"https:\/\/pimpamparking.com\/index.php\/wp-json\/wp\/v2\/comments?post=57"}],"version-history":[{"count":2,"href":"https:\/\/pimpamparking.com\/index.php\/wp-json\/wp\/v2\/pages\/57\/revisions"}],"predecessor-version":[{"id":60,"href":"https:\/\/pimpamparking.com\/index.php\/wp-json\/wp\/v2\/pages\/57\/revisions\/60"}],"wp:attachment":[{"href":"https:\/\/pimpamparking.com\/index.php\/wp-json\/wp\/v2\/media?parent=57"}],"curies":[{"name":"wp","href":"https:\/\/api.w.org\/{rel}","templated":true}]}}