{"id":65,"date":"2024-11-04T11:36:56","date_gmt":"2024-11-04T11:36:56","guid":{"rendered":"https:\/\/pimpamparking.com\/?page_id=65"},"modified":"2024-11-04T11:36:59","modified_gmt":"2024-11-04T11:36:59","slug":"cookies","status":"publish","type":"page","link":"https:\/\/pimpamparking.com\/index.php\/cookies\/","title":{"rendered":"cookies"},"content":{"rendered":"<p>[et_pb_section fb_built=&#8221;1&#8243; theme_builder_area=&#8221;post_content&#8221; _builder_version=&#8221;4.27.2&#8243; _module_preset=&#8221;default&#8221;][et_pb_row _builder_version=&#8221;4.27.2&#8243; _module_preset=&#8221;default&#8221; theme_builder_area=&#8221;post_content&#8221;][et_pb_column _builder_version=&#8221;4.27.2&#8243; _module_preset=&#8221;default&#8221; type=&#8221;4_4&#8243; theme_builder_area=&#8221;post_content&#8221;][et_pb_text _builder_version=&#8221;4.27.2&#8243; _module_preset=&#8221;default&#8221; theme_builder_area=&#8221;post_content&#8221; hover_enabled=&#8221;0&#8243; sticky_enabled=&#8221;0&#8243;]<\/p>\n<h1>Pol\u00edtica de Cookies<\/h1>\n<h2>\u00bfQu\u00e9 son las cookies?<\/h2>\n<p>Son peque\u00f1os archivos de texto que pueden instalarse en su dispositivo al acceder a p\u00e1ginas web. Entre otras cosas, las cookies permiten almacenar y recuperar informaci\u00f3n sobre los h\u00e1bitos de navegaci\u00f3n del usuario.<\/p>\n<h2>\u00bfQu\u00e9 cookies se utilizan en nuestra web?<\/h2>\n<p>Las cookies que podemos utilizar son cookies de an\u00e1lisis estad\u00edstico que permiten medir la actividad realizada por los usuarios que visitan nuestra web con el fin de introducir mejoras en el servicio en funci\u00f3n de los datos de uso que se hacen. Estas cookies de an\u00e1lisis estad\u00edstico las proporcionan y tienen las siguientes caracter\u00edsticas indicadas a continuaci\u00f3n:<\/p>\n<table>\n<thead>\n<tr>\n<th>Nombre de la cookie<\/th>\n<th>Duraci\u00f3n predeterminada<\/th>\n<th>Descripci\u00f3n<\/th>\n<\/tr>\n<\/thead>\n<tbody>\n<tr>\n<td>__utma<\/td>\n<td>Dos a\u00f1os a partir de la configuraci\u00f3n o actualizaci\u00f3n<\/td>\n<td>Se usa para distinguir usuarios y sesiones. La cookie se crea cuando se ejecuta la biblioteca de JavaScript y no hay ninguna cookie __utma. La cookie se actualiza cada vez que se env\u00edan datos a Google Analytics.<\/td>\n<\/tr>\n<tr>\n<td>__utmt<\/td>\n<td>10 minutos<\/td>\n<td>Se usa para limitar el porcentaje de solicitudes.<\/td>\n<\/tr>\n<tr>\n<td>__utmb<\/td>\n<td>30 minutos a partir de la configuraci\u00f3n o actualizaci\u00f3n<\/td>\n<td>Se usa para determinar nuevas sesiones o visitas. La cookie se crea cuando se ejecuta la biblioteca de JavaScript y no hay ninguna cookie __utmb. La cookie se actualiza cada vez que se env\u00edan datos a Google Analytics.<\/td>\n<\/tr>\n<tr>\n<td>__utmc<\/td>\n<td>Fin de la sesi\u00f3n del navegador<\/td>\n<td>No se usa en ga.js. Se configura para interactuar con urchin.js. Anteriormente, esta cookie actuaba junto con la cookie __utmb para determinar si el usuario estaba en una nueva sesi\u00f3n o visita.<\/td>\n<\/tr>\n<tr>\n<td>__utmz<\/td>\n<td>Seis meses a partir de la configuraci\u00f3n o actualizaci\u00f3n<\/td>\n<td>Almacena la fuente de tr\u00e1fico o la campa\u00f1a que explica c\u00f3mo ha llegado el usuario al sitio web. La cookie se crea cuando se ejecuta la biblioteca JavaScript y se actualiza cada vez que se env\u00edan datos a Google Analytics.<\/td>\n<\/tr>\n<tr>\n<td>__utmv<\/td>\n<td>Dos a\u00f1os a partir de la configuraci\u00f3n o actualizaci\u00f3n<\/td>\n<td>Se usa para almacenar datos de variables personalizadas a nivel de visitante. Esta cookie se crea cuando un programador usa el m\u00e9todo _setCustomVar con una variable personalizada a nivel de visitante. Tambi\u00e9n se usaba para el m\u00e9todo _setVar, que ya no est\u00e1 disponible. La cookie se actualiza cada vez que se env\u00edan datos a Google Analytics.<\/td>\n<\/tr>\n<\/tbody>\n<\/table>\n<p>Le informamos asimismo que esta web puede utilizar el servicio anal\u00edtico Google Analytics prestado por Google Inc., una compa\u00f1\u00eda de Delaware cuya oficina principal est\u00e1 en 1600 Amphitheatre Parkway, Mountain View (California), CA 94043, Estados Unidos. Puede obtener m\u00e1s informaci\u00f3n acerca de este servicio accediendo al siguiente enlace: <a href=\"https:\/\/developers.google.com\/analytics\/devguides\/collection\/analyticsjs\/cookie-usage?hl=es\">https:\/\/developers.google.com\/analytics\/devguides\/collection\/analyticsjs\/cookie-usage?hl=es<\/a>.<\/p>\n<h2>\u00bfC\u00f3mo se pueden administrar las cookies?<\/h2>\n<p>Usted puede permitir, bloquear o eliminar las cookies instaladas en su equipo mediante la configuraci\u00f3n de las opciones del navegador de su dispositivo. A continuaci\u00f3n, le facilitamos las instrucciones de configuraci\u00f3n de cookies habilitadas por los navegadores com\u00fanmente utilizados por los usuarios:<\/p>\n<ul>\n<li>Para m\u00e1s informaci\u00f3n sobre Chrome, pulse <a href=\"#\">aqu\u00ed<\/a>.<\/li>\n<li>Para m\u00e1s informaci\u00f3n sobre Explorer, pulse <a href=\"#\">aqu\u00ed<\/a>.<\/li>\n<li>Para m\u00e1s informaci\u00f3n sobre Firefox, pulse <a href=\"#\">aqu\u00ed<\/a>.<\/li>\n<li>Para m\u00e1s informaci\u00f3n sobre Safari, pulse <a href=\"#\">aqu\u00ed<\/a>.<\/li>\n<\/ul>\n<p>No obstante, en caso de que no permita la instalaci\u00f3n de ciertas cookies en su navegador, podr\u00eda afectar al funcionamiento de nuestra web o que no pueda acceder a alguno de nuestros contenidos.<\/p>\n<p>Los enlaces anteriores pueden ser actualizados o modificados por los desarrolladores de los navegadores indicados. Utilizaremos todos los esfuerzos razonables para mantener la lista anterior actualizada. Sin embargo, si un enlace no funciona o no est\u00e1 actualizado, puede dirigirse al men\u00fa \u00abConfiguraci\u00f3n\u00bb de su navegador.<\/p>\n<p>PIMPAMPARKING se reserva el derecho a modificar y actualizar la presente Pol\u00edtica de Cookies.<\/p>\n<p>[\/et_pb_text][\/et_pb_column][\/et_pb_row][\/et_pb_section]<\/p>\n","protected":false},"excerpt":{"rendered":"<p>Pol\u00edtica de Cookies \u00bfQu\u00e9 son las cookies? Son peque\u00f1os archivos de texto que pueden instalarse en su dispositivo al acceder a p\u00e1ginas web. Entre otras cosas, las cookies permiten almacenar y recuperar informaci\u00f3n sobre los h\u00e1bitos de navegaci\u00f3n del usuario. \u00bfQu\u00e9 cookies se utilizan en nuestra web? Las cookies que podemos utilizar son cookies de [&hellip;]<\/p>\n","protected":false},"author":1,"featured_media":0,"parent":0,"menu_order":0,"comment_status":"closed","ping_status":"closed","template":"","meta":{"_et_pb_use_builder":"on","_et_pb_old_content":"","_et_gb_content_width":"","footnotes":""},"class_list":["post-65","page","type-page","status-publish","hentry"],"_links":{"self":[{"href":"https:\/\/pimpamparking.com\/index.php\/wp-json\/wp\/v2\/pages\/65","targetHints":{"allow":["GET"]}}],"collection":[{"href":"https:\/\/pimpamparking.com\/index.php\/wp-json\/wp\/v2\/pages"}],"about":[{"href":"https:\/\/pimpamparking.com\/index.php\/wp-json\/wp\/v2\/types\/page"}],"author":[{"embeddable":true,"href":"https:\/\/pimpamparking.com\/index.php\/wp-json\/wp\/v2\/users\/1"}],"replies":[{"embeddable":true,"href":"https:\/\/pimpamparking.com\/index.php\/wp-json\/wp\/v2\/comments?post=65"}],"version-history":[{"count":2,"href":"https:\/\/pimpamparking.com\/index.php\/wp-json\/wp\/v2\/pages\/65\/revisions"}],"predecessor-version":[{"id":68,"href":"https:\/\/pimpamparking.com\/index.php\/wp-json\/wp\/v2\/pages\/65\/revisions\/68"}],"wp:attachment":[{"href":"https:\/\/pimpamparking.com\/index.php\/wp-json\/wp\/v2\/media?parent=65"}],"curies":[{"name":"wp","href":"https:\/\/api.w.org\/{rel}","templated":true}]}}